{"id":55,"date":"2021-04-30T14:42:11","date_gmt":"2021-04-30T14:42:11","guid":{"rendered":"https:\/\/brauns.de\/?page_id=55"},"modified":"2024-02-07T19:28:21","modified_gmt":"2024-02-07T19:28:21","slug":"datenschutzerklaerung","status":"publish","type":"page","link":"https:\/\/www.brauns.de\/?page_id=55","title":{"rendered":"Datenschutzerkl\u00e4rung"},"content":{"rendered":"\n<p>Dieser Webauftritt ist ein Angebot der Brauns Control GmbH und enth\u00e4lt Telemedien im Sinne von \u00a7 1 Abs.1 Telemediengesetz.<\/p>\n\n\n\n<p>Bei jedem Zugriff eines Nutzers auf eine Seite der Brauns Control GmbH und bei jedem Abruf einer Datei werden \u00fcber diesen Vorgang Daten in einer Protokolldatei gespeichert. Diese Daten sind nicht personenbezogen. Es kann somit nicht nachvollziehen werden, welcher Nutzer welche Daten abgerufen hat. Die Speicherung dient ausschlie\u00dflich internen systembezogenen und statistischen Zwecken.<\/p>\n\n\n\n<h3 class=\"wp-block-heading\">Verarbeitung personenbezogener Daten<\/h3>\n\n\n\n<p>Wenn Sie die Webseiten der Brauns Control GmbH besuchen, speichern die Webserver standardm\u00e4\u00dfig zum Zweck der Systemsicherheit tempor\u00e4r die Verbindungsdaten des anfragenden Rechners, die Webseiten, die Sie bei uns besuchen, das Datum und die Dauer des Besuches, die Erkennungsdaten des verwendeten Browser- und Betriebssystem-Typs sowie die Webseite, von der aus Sie uns besuchen. Dar\u00fcber hinausgehende personenbezogene Angaben wie Ihr Name, Ihre Anschrift, Telefonnummer oder E-Mail-Adresse werden nicht erfasst, es sei denn, diese Angaben werden von Ihnen freiwillig gemacht, z.B. im Rahmen einer Registrierung, einer Umfrage, eines Preisausschreibens, einer Informationsanfrage oder der Bestellung eines Newsletters.<\/p>\n\n\n\n<p>Die von Ihnen zur Verf\u00fcgung gestellten personenbezogenen Daten verwenden wir ausschlie\u00dflich zum Zweck der technischen Administration der Webseiten und zur Erf\u00fcllung angebotener Telemedien.<\/p>\n\n\n\n<p>Eine Weitergabe Ihrer personenbezogenen Daten an Dritte erfolgt nicht, es sei denn, dass dies zur Beantwortung Ihrer Anfrage erforderlich ist.<\/p>\n\n\n\n<h3 class=\"wp-block-heading\">Kontaktformular<\/h3>\n\n\n\n<p>Wir erheben Ihre Daten zum Zweck der Durchf\u00fchrung Ihrer Kontaktanfrage. Die Datenverarbeitung beruht auf Artikel 6 Abs. 1 f) DSGVO. Unser berechtigtes Interesse ist, Ihre Anfrage zu beantworten. Eine Weitergabe der Daten an Dritte findet nicht statt. Die Daten werden gel\u00f6scht, sobald sie f\u00fcr den Zweck ihrer Verarbeitung nicht mehr erforderlich sind. Sie haben das Recht, der Verwendung Ihrer Daten zum Zweck der Kontaktaufnahme jederzeit zu widersprechen.<\/p>\n\n\n\n<h3 class=\"wp-block-heading\">Newsletter<\/h3>\n\n\n\n<p>Wir erheben Ihre Daten zum Zweck der Zusendung des von Ihnen gew\u00fcnschten Informationsmaterials. Die Datenverarbeitung beruht auf Artikel 6 Abs. 1 a) DSGVO. Eine Weitergabe der Daten an Dritte findet nicht statt. Die Daten werden gel\u00f6scht, sobald sie f\u00fcr den Zweck ihrer Verarbeitung nicht mehr erforderlich sind. Sie haben das Recht, der Verwendung Ihrer Daten zum Zweck der Zusendung von Informationsmaterialien jederzeit zu widersprechen.<\/p>\n\n\n\n<p>Registrierung im teilautomatisierten Kundendienstsystem (umgangssprachlich auch \u201eHelpdesk\u201c, \u201eSupportsystem\u201c oder auch \u201eTicketsystem\u201c genannt)<\/p>\n\n\n\n<p>Wir erheben Ihre Daten zum Zweck der Durchf\u00fchrung Ihrer Anmeldung f\u00fcr den Kundendienstbereich der Brauns Control GmbH. Die Datenverarbeitung beruht auf Artikel 6 Abs. 1 f) DSGVO. Wir verfolgen das Interesse, sicherzustellen, dass nur Kunden Zugriff auf den Kunden vorbehaltenen Informationen erhalten. Eine Weitergabe der Daten an Dritte findet nicht statt. Die Daten werden gel\u00f6scht, sobald sie f\u00fcr den Zweck ihrer Verarbeitung nicht mehr erforderlich sind. Sie haben das Recht, der Verwendung Ihrer Daten zum Zweck der Registrierung jederzeit zu widersprechen.<\/p>\n\n\n\n<h3 class=\"wp-block-heading\">Erzeugung von Cookies<\/h3>\n\n\n\n<p>Automatisch erfasste, nicht personenbezogene Daten und Erzeugung von Cookies:<\/p>\n\n\n\n<p>Wenn Sie auf unsere Website zugreifen, werden gelegentlich automatisch (also nicht \u00fcber eine Registrierung) erzeugte Informationen gesammelt, die nicht einer bestimmten Person zugeordnet werden k\u00f6nnen (z. B. mittels eines Internetbrowsers oder eines Betriebssystems; Domainnamen von Websites, vor denen aus \u00fcber einen Weblink ein Zugriff erfolgt; Anzahl der Besuche; durchschnittliche Verweildauer; aufgerufene Seiten).<\/p>\n\n\n\n<p>Wir verwenden diese Informationen, um den Auftritt unserer Webseiten st\u00e4ndig zu verbessern und zu aktualisieren, sowie um die Attraktivit\u00e4t zu erh\u00f6hen. Wenn Sie eine unserer Webseiten besuchen, kann es sein, dass durch uns veranlasste Informationen in Form eines \u201eCookies\u201e auf Ihren Computer abgelegt werden, die Ihren Computer bei Ihrem n\u00e4chsten Besuch automatisch wiedererkennen. Cookies erlauben es uns u. a., eine Webseite Ihren W\u00fcnschen anzupassen. Wenn Sie nicht w\u00fcnschen, dass wir Informationen \u00fcber einen Computer wiedererkennen, stellen Sie Ihren Internetbrowser bitte so ein, dass Cookies von Ihrer Computerfestplatte gel\u00f6scht werden, alle Cookies blockiert oder Sie gewarnt werden, bevor ein Cookie gespeichert wird.<\/p>\n\n\n\n<h3 class=\"wp-block-heading\">Ansprechpartner<\/h3>\n\n\n\n<p>Wir k\u00fcmmern uns um die Einhaltung der Datenschutzbestimmungen in allen Bereichen. Wenn Sie Fragen haben, k\u00f6nnen Sie sich auch direkt an uns wenden. Schreiben Sie an:<\/p>\n\n\n\n<p>Brauns Control GmbH<br>&#8211; Gesch\u00e4ftsleitung &#8211;<br>Blyinghausen 8<br>31655 Stadthagen<\/p>\n\n\n\n<p>Tel.: 05721 720570<br>Fax: 05721 7205799<br>E-Mail: info(a)brauns.de<\/p>\n","protected":false},"excerpt":{"rendered":"<p>Dieser Webauftritt ist ein Angebot der Brauns Control GmbH und enth\u00e4lt Telemedien im Sinne von \u00a7 1 Abs.1 Telemediengesetz. Bei jedem Zugriff eines Nutzers auf eine Seite der Brauns Control GmbH und bei jedem Abruf einer Datei werden \u00fcber diesen Vorgang Daten in einer Protokolldatei gespeichert. Diese Daten sind nicht personenbezogen. Es kann somit nicht&hellip; <a class=\"more-link\" href=\"https:\/\/www.brauns.de\/?page_id=55\"><span class=\"screen-reader-text\">Datenschutzerkl\u00e4rung<\/span> weiterlesen<\/a><\/p>\n","protected":false},"author":2,"featured_media":0,"parent":0,"menu_order":0,"comment_status":"closed","ping_status":"closed","template":"","meta":{"footnotes":""},"class_list":["post-55","page","type-page","status-publish","hentry","entry"],"yoast_head":"<!-- This site is optimized with the Yoast SEO plugin v27.1.1 - https:\/\/yoast.com\/product\/yoast-seo-wordpress\/ -->\n<title>Datenschutzerkl\u00e4rung - Brauns Control GmbH<\/title>\n<meta name=\"robots\" content=\"index, follow, max-snippet:-1, max-image-preview:large, max-video-preview:-1\" \/>\n<link rel=\"canonical\" href=\"https:\/\/www.brauns.de\/?page_id=55\" \/>\n<meta property=\"og:locale\" content=\"de_DE\" \/>\n<meta property=\"og:type\" content=\"article\" \/>\n<meta property=\"og:title\" content=\"Datenschutzerkl\u00e4rung - Brauns Control GmbH\" \/>\n<meta property=\"og:description\" content=\"Dieser Webauftritt ist ein Angebot der Brauns Control GmbH und enth\u00e4lt Telemedien im Sinne von \u00a7 1 Abs.1 Telemediengesetz. Bei jedem Zugriff eines Nutzers auf eine Seite der Brauns Control GmbH und bei jedem Abruf einer Datei werden \u00fcber diesen Vorgang Daten in einer Protokolldatei gespeichert. Diese Daten sind nicht personenbezogen. Es kann somit nicht&hellip; Datenschutzerkl\u00e4rung weiterlesen\" \/>\n<meta property=\"og:url\" content=\"https:\/\/www.brauns.de\/?page_id=55\" \/>\n<meta property=\"og:site_name\" content=\"Brauns Control GmbH\" \/>\n<meta property=\"article:modified_time\" content=\"2024-02-07T19:28:21+00:00\" \/>\n<meta name=\"twitter:card\" content=\"summary_large_image\" \/>\n<meta name=\"twitter:label1\" content=\"Gesch\u00e4tzte Lesezeit\" \/>\n\t<meta name=\"twitter:data1\" content=\"3\u00a0Minuten\" \/>\n<script type=\"application\/ld+json\" class=\"yoast-schema-graph\">{\"@context\":\"https:\/\/schema.org\",\"@graph\":[{\"@type\":\"WebPage\",\"@id\":\"https:\/\/www.brauns.de\/?page_id=55\",\"url\":\"https:\/\/www.brauns.de\/?page_id=55\",\"name\":\"Datenschutzerkl\u00e4rung - Brauns Control GmbH\",\"isPartOf\":{\"@id\":\"https:\/\/www.brauns.de\/#website\"},\"datePublished\":\"2021-04-30T14:42:11+00:00\",\"dateModified\":\"2024-02-07T19:28:21+00:00\",\"breadcrumb\":{\"@id\":\"https:\/\/www.brauns.de\/?page_id=55#breadcrumb\"},\"inLanguage\":\"de\",\"potentialAction\":[{\"@type\":\"ReadAction\",\"target\":[\"https:\/\/www.brauns.de\/?page_id=55\"]}]},{\"@type\":\"BreadcrumbList\",\"@id\":\"https:\/\/www.brauns.de\/?page_id=55#breadcrumb\",\"itemListElement\":[{\"@type\":\"ListItem\",\"position\":1,\"name\":\"Startseite\",\"item\":\"https:\/\/www.brauns.de\/\"},{\"@type\":\"ListItem\",\"position\":2,\"name\":\"Datenschutzerkl\u00e4rung\"}]},{\"@type\":\"WebSite\",\"@id\":\"https:\/\/www.brauns.de\/#website\",\"url\":\"https:\/\/www.brauns.de\/\",\"name\":\"Brauns Control GmbH\",\"description\":\"W\u00e4rmemanagementsysteme\",\"publisher\":{\"@id\":\"https:\/\/www.brauns.de\/#organization\"},\"potentialAction\":[{\"@type\":\"SearchAction\",\"target\":{\"@type\":\"EntryPoint\",\"urlTemplate\":\"https:\/\/www.brauns.de\/?s={search_term_string}\"},\"query-input\":{\"@type\":\"PropertyValueSpecification\",\"valueRequired\":true,\"valueName\":\"search_term_string\"}}],\"inLanguage\":\"de\"},{\"@type\":\"Organization\",\"@id\":\"https:\/\/www.brauns.de\/#organization\",\"name\":\"Brauns Control GmbH\",\"url\":\"https:\/\/www.brauns.de\/\",\"logo\":{\"@type\":\"ImageObject\",\"inLanguage\":\"de\",\"@id\":\"https:\/\/www.brauns.de\/#\/schema\/logo\/image\/\",\"url\":\"https:\/\/www.brauns.de\/wp-content\/uploads\/2021\/04\/banner_bc-trans_h120_0_0.png\",\"contentUrl\":\"https:\/\/www.brauns.de\/wp-content\/uploads\/2021\/04\/banner_bc-trans_h120_0_0.png\",\"width\":353,\"height\":120,\"caption\":\"Brauns Control GmbH\"},\"image\":{\"@id\":\"https:\/\/www.brauns.de\/#\/schema\/logo\/image\/\"}}]}<\/script>\n<!-- \/ Yoast SEO plugin. -->","yoast_head_json":{"title":"Datenschutzerkl\u00e4rung - Brauns Control GmbH","robots":{"index":"index","follow":"follow","max-snippet":"max-snippet:-1","max-image-preview":"max-image-preview:large","max-video-preview":"max-video-preview:-1"},"canonical":"https:\/\/www.brauns.de\/?page_id=55","og_locale":"de_DE","og_type":"article","og_title":"Datenschutzerkl\u00e4rung - Brauns Control GmbH","og_description":"Dieser Webauftritt ist ein Angebot der Brauns Control GmbH und enth\u00e4lt Telemedien im Sinne von \u00a7 1 Abs.1 Telemediengesetz. Bei jedem Zugriff eines Nutzers auf eine Seite der Brauns Control GmbH und bei jedem Abruf einer Datei werden \u00fcber diesen Vorgang Daten in einer Protokolldatei gespeichert. Diese Daten sind nicht personenbezogen. Es kann somit nicht&hellip; Datenschutzerkl\u00e4rung weiterlesen","og_url":"https:\/\/www.brauns.de\/?page_id=55","og_site_name":"Brauns Control GmbH","article_modified_time":"2024-02-07T19:28:21+00:00","twitter_card":"summary_large_image","twitter_misc":{"Gesch\u00e4tzte Lesezeit":"3\u00a0Minuten"},"schema":{"@context":"https:\/\/schema.org","@graph":[{"@type":"WebPage","@id":"https:\/\/www.brauns.de\/?page_id=55","url":"https:\/\/www.brauns.de\/?page_id=55","name":"Datenschutzerkl\u00e4rung - Brauns Control GmbH","isPartOf":{"@id":"https:\/\/www.brauns.de\/#website"},"datePublished":"2021-04-30T14:42:11+00:00","dateModified":"2024-02-07T19:28:21+00:00","breadcrumb":{"@id":"https:\/\/www.brauns.de\/?page_id=55#breadcrumb"},"inLanguage":"de","potentialAction":[{"@type":"ReadAction","target":["https:\/\/www.brauns.de\/?page_id=55"]}]},{"@type":"BreadcrumbList","@id":"https:\/\/www.brauns.de\/?page_id=55#breadcrumb","itemListElement":[{"@type":"ListItem","position":1,"name":"Startseite","item":"https:\/\/www.brauns.de\/"},{"@type":"ListItem","position":2,"name":"Datenschutzerkl\u00e4rung"}]},{"@type":"WebSite","@id":"https:\/\/www.brauns.de\/#website","url":"https:\/\/www.brauns.de\/","name":"Brauns Control GmbH","description":"W\u00e4rmemanagementsysteme","publisher":{"@id":"https:\/\/www.brauns.de\/#organization"},"potentialAction":[{"@type":"SearchAction","target":{"@type":"EntryPoint","urlTemplate":"https:\/\/www.brauns.de\/?s={search_term_string}"},"query-input":{"@type":"PropertyValueSpecification","valueRequired":true,"valueName":"search_term_string"}}],"inLanguage":"de"},{"@type":"Organization","@id":"https:\/\/www.brauns.de\/#organization","name":"Brauns Control GmbH","url":"https:\/\/www.brauns.de\/","logo":{"@type":"ImageObject","inLanguage":"de","@id":"https:\/\/www.brauns.de\/#\/schema\/logo\/image\/","url":"https:\/\/www.brauns.de\/wp-content\/uploads\/2021\/04\/banner_bc-trans_h120_0_0.png","contentUrl":"https:\/\/www.brauns.de\/wp-content\/uploads\/2021\/04\/banner_bc-trans_h120_0_0.png","width":353,"height":120,"caption":"Brauns Control GmbH"},"image":{"@id":"https:\/\/www.brauns.de\/#\/schema\/logo\/image\/"}}]}},"_links":{"self":[{"href":"https:\/\/www.brauns.de\/index.php?rest_route=\/wp\/v2\/pages\/55","targetHints":{"allow":["GET"]}}],"collection":[{"href":"https:\/\/www.brauns.de\/index.php?rest_route=\/wp\/v2\/pages"}],"about":[{"href":"https:\/\/www.brauns.de\/index.php?rest_route=\/wp\/v2\/types\/page"}],"author":[{"embeddable":true,"href":"https:\/\/www.brauns.de\/index.php?rest_route=\/wp\/v2\/users\/2"}],"replies":[{"embeddable":true,"href":"https:\/\/www.brauns.de\/index.php?rest_route=%2Fwp%2Fv2%2Fcomments&post=55"}],"version-history":[{"count":3,"href":"https:\/\/www.brauns.de\/index.php?rest_route=\/wp\/v2\/pages\/55\/revisions"}],"predecessor-version":[{"id":95,"href":"https:\/\/www.brauns.de\/index.php?rest_route=\/wp\/v2\/pages\/55\/revisions\/95"}],"wp:attachment":[{"href":"https:\/\/www.brauns.de\/index.php?rest_route=%2Fwp%2Fv2%2Fmedia&parent=55"}],"curies":[{"name":"wp","href":"https:\/\/api.w.org\/{rel}","templated":true}]}}